{"id":1897,"date":"2022-11-22T22:34:14","date_gmt":"2022-11-22T21:34:14","guid":{"rendered":"https:\/\/www.escale-marine.bzh\/contact"},"modified":"2023-06-15T16:52:29","modified_gmt":"2023-06-15T14:52:29","slug":"contact","status":"publish","type":"page","link":"https:\/\/www.escale-marine.bzh\/en\/contact","title":{"rendered":"Contact-us"},"content":{"rendered":"<!DOCTYPE html PUBLIC \"-\/\/W3C\/\/DTD HTML 4.0 Transitional\/\/EN\" \"http:\/\/www.w3.org\/TR\/REC-html40\/loose.dtd\">\n<html><body><section id=\"\" class=\"section_50226 relative  block_bandeau  dark t_pad4 r_pad0 b_pad4 l_pad0 t_mar0 r_mar0 b_mar0 l_mar0 bg_cover no-repeat bg_centre\" style=\" background-image:url(https:\/\/www.escale-marine.bzh\/wp-content\/uploads\/2022\/12\/contactez-notre-hotel.jpg); \"><!-- block_bandeau simple --><div class=\"bandeaux bandeau_simple\"><div class=\"bandeaux_container\"><div class=\"bandeau\"><div class=\"lcontainer container relative  zindex \"><div class=\"colonnes\"><div class=\"colonne block_col_desktop_grid_span12 block_col_tabW_grid_span12 block_col_tabH_grid_span12 block_col_mobile_grid_span12\"><div class=\"inner_colonne\"><\/div><\/div><\/div><\/div><\/div><\/div><\/div><\/section><div class=\"ariane\"><div class=\"container lcontainer\"><p id=\"breadcrumbs\"><span><span><a href=\"https:\/\/www.escale-marine.bzh\/en\">Accueil<\/a><\/span><\/span><\/p><\/div><\/div><div class=\"titre_bandeau\"><div class=\"container lcontainer\"><h1 class=\"heading1\"><span>Contact-us<\/span><\/h1><\/div><\/div>\n\n<!-- Bloc colonnes --><section id=\"\" class=\"section_27142 relative  block_colonnes  dark t_pad4 r_pad0 b_pad4 l_pad0 t_mar0 r_mar0 b_mar0 l_mar0 bg_cover no-repeat bg_centre\" style=\"\"><div class=\"mcontainer container relative  zindex \"><div class=\"colonnes  col_gg4\"><!-- Coordonn&eacute;es --><div class=\"colonne grid block_col_desktop_grid_span4 block_col_tabW_grid_span4 block_col_tabH_grid_span4 block_col_mobile_grid_span12 desktop_order10 tabW_order10 tabH_order10 mobile_order10 center v_top \" style=\" padding-top:20px; padding-bottom:0px;\"><div class=\"inner_colonne \"><div class=\"slider_all_around relative \" style=\" margin-left:0px; margin-right:0px;\"><div class=\"tinyslider tinyslider_346899\"><div class=\"slider_contenu\"><img decoding=\"async\" src=\"https:\/\/www.escale-marine.bzh\/wp-content\/uploads\/2022\/11\/logo-fond-blanc2.svg\" class=\"fw\" loading=\"lazy\"><\/div><\/div><\/div>   <script type=\"text\/javascript\">\n   var slider = tns({\n      container: '.tinyslider_346899',\n      autoHeight: false,\n      items: 1,\n      slideBy: 'page',\n      loop: true,\n      autoplay: true,\n      autoplayButtonOutput: false,\n      controls: true,\n      mouseDrag:true,\n   });\n   <\/script><div class=\"colonne_texte_apres_images style_paragraphe\" style=\" padding-left:0px; padding-right:0px;\"><p>7 rue de l&rsquo;Atlantique<br>\n29160 CROZON<\/p>\n<p><strong><a href=\"mailto:contact@escale-marine.bzh\">contact@escale-marine.bzh<\/a><\/strong><br><strong>+33 (0)2 98 26 05 90<\/strong><\/p>\n<\/div><\/div><\/div><!-- Formulaire --><div class=\"colonne grid block_col_desktop_grid_span8 block_col_tabW_grid_span8 block_col_tabH_grid_span8 block_col_mobile_grid_span12 desktop_order10 tabW_order10 tabH_order10 mobile_order10 center v_center \" style=\" padding-top:0px; padding-bottom:0px;\"><div class=\"inner_colonne \"><div class=\"contact_form \"><script type=\"text\/javascript\">var gform;gform||(document.addEventListener(\"gform_main_scripts_loaded\",function(){gform.scriptsLoaded=!0}),window.addEventListener(\"DOMContentLoaded\",function(){gform.domLoaded=!0}),gform={domLoaded:!1,scriptsLoaded:!1,initializeOnLoaded:function(o){gform.domLoaded&&gform.scriptsLoaded?o():!gform.domLoaded&&gform.scriptsLoaded?window.addEventListener(\"DOMContentLoaded\",o):document.addEventListener(\"gform_main_scripts_loaded\",o)},hooks:{action:{},filter:{}},addAction:function(o,n,r,t){gform.addHook(\"action\",o,n,r,t)},addFilter:function(o,n,r,t){gform.addHook(\"filter\",o,n,r,t)},doAction:function(o){gform.doHook(\"action\",o,arguments)},applyFilters:function(o){return gform.doHook(\"filter\",o,arguments)},removeAction:function(o,n){gform.removeHook(\"action\",o,n)},removeFilter:function(o,n,r){gform.removeHook(\"filter\",o,n,r)},addHook:function(o,n,r,t,i){null==gform.hooks[o][n]&&(gform.hooks[o][n]=[]);var e=gform.hooks[o][n];null==i&&(i=n+\"_\"+e.length),gform.hooks[o][n].push({tag:i,callable:r,priority:t=null==t?10:t})},doHook:function(n,o,r){var t;if(r=Array.prototype.slice.call(r,1),null!=gform.hooks[n][o]&&((o=gform.hooks[n][o]).sort(function(o,n){return o.priority-n.priority}),o.forEach(function(o){\"function\"!=typeof(t=o.callable)&&(t=window[t]),\"action\"==n?t.apply(null,r):r[0]=t.apply(null,r)})),\"filter\"==n)return r[0]},removeHook:function(o,n,t,i){var r;null!=gform.hooks[o][n]&&(r=(r=gform.hooks[o][n]).filter(function(o,n,r){return!!(null!=i&&i!=o.tag||null!=t&&t!=o.priority)}),gform.hooks[o][n]=r)}});<\/script><div class=\"gf_browser_gecko gform_wrapper gravity-theme\" id=\"gform_wrapper_2\">\n                        <div class=\"gform_heading\">\n                            <h2 class=\"heading2\">Contact-us<\/h2>\n                            <span class=\"gform_description\"><\/span>\n                        <\/div><form method=\"post\" enctype=\"multipart\/form-data\" id=\"gform_2\" action=\"\/en\/wp-json\/wp\/v2\/pages\/1897\" novalidate>\n                        <div class=\"gform_body gform-body\"><div id=\"gform_fields_2\" class=\"gform_fields top_label form_sublabel_below description_below\"><fieldset id=\"field_2_1\" class=\"gfield gfield_contains_required field_sublabel_hidden_label field_description_below hidden_label gfield_visibility_visible\" data-js-reload=\"field_2_1\"><legend class=\"gfield_label gfield_label_before_complex\">Name<span class=\"gfield_required\"><span class=\"gfield_required gfield_required_text\">(Required)<\/span><\/span><\/legend><div class=\"ginput_complex ginput_container no_prefix has_first_name no_middle_name has_last_name no_suffix gf_name_has_2 ginput_container_name\" id=\"input_2_1\">\n                            \n                            <span id=\"input_2_1_3_container\" class=\"name_first\">\n                                                    <input type=\"text\" name=\"input_1.3\" id=\"input_2_1_3\" value=\"\" aria-required=\"true\" placeholder=\"First name\"><label for=\"input_2_1_3\" class=\"hidden_sub_label screen-reader-text\">First<\/label>\n                                                <\/span>\n                            \n                            <span id=\"input_2_1_6_container\" class=\"name_last\">\n                                                    <input type=\"text\" name=\"input_1.6\" id=\"input_2_1_6\" value=\"\" aria-required=\"true\" placeholder=\"Last name\"><label for=\"input_2_1_6\" class=\"hidden_sub_label screen-reader-text\">Last<\/label>\n                                                <\/span>\n                            \n                        <\/div><\/fieldset><div id=\"field_2_4\" class=\"gfield gfield--width-half gfield_contains_required field_sublabel_below field_description_below hidden_label gfield_visibility_visible\" data-js-reload=\"field_2_4\"><label class=\"gfield_label\" for=\"input_2_4\">E-mail<span class=\"gfield_required\"><span class=\"gfield_required gfield_required_text\">(Required)<\/span><\/span><\/label><div class=\"ginput_container ginput_container_email\">\n                            <input name=\"input_4\" id=\"input_2_4\" type=\"email\" value=\"\" class=\"large\" placeholder=\"Email\" aria-required=\"true\" aria-invalid=\"false\"><\/div><\/div><div id=\"field_2_3\" class=\"gfield gfield--width-half field_sublabel_below field_description_below hidden_label gfield_visibility_visible\" data-js-reload=\"field_2_3\"><label class=\"gfield_label\" for=\"input_2_3\">Phone number<\/label><div class=\"ginput_container ginput_container_phone\"><input name=\"input_3\" id=\"input_2_3\" type=\"tel\" value=\"\" class=\"large\" placeholder=\"Phone number\" aria-invalid=\"false\"><\/div><\/div><div id=\"field_2_10\" class=\"gfield gfield--width-full gfield_contains_required field_sublabel_below field_description_below gfield_visibility_visible\" data-js-reload=\"field_2_10\"><label class=\"gfield_label\" for=\"input_2_10\">Subject<span class=\"gfield_required\"><span class=\"gfield_required gfield_required_text\">(Required)<\/span><\/span><\/label><div class=\"ginput_container ginput_container_select\"><select name=\"input_10\" id=\"input_2_10\" class=\"large gfield_select\" aria-required=\"true\" aria-invalid=\"false\"><option value=\"Information &amp; Booking\">Information &amp; Booking<\/option><option value=\"Group Offer\">Group Offer<\/option><option value=\"Professional Events\">Professional Events<\/option><option value=\"Partnership request\">Partnership request<\/option><option value=\"Recruitment\">Recruitment<\/option><\/select><\/div><\/div><div id=\"field_2_7\" class=\"gfield gfield--width-full gfield_contains_required field_sublabel_below field_description_below hidden_label gfield_visibility_visible\" data-js-reload=\"field_2_7\"><label class=\"gfield_label\" for=\"input_2_7\">Your message<span class=\"gfield_required\"><span class=\"gfield_required gfield_required_text\">(Required)<\/span><\/span><\/label><div class=\"ginput_container ginput_container_textarea\"><textarea name=\"input_7\" id=\"input_2_7\" class=\"textarea large\" placeholder=\"Votre message\" aria-required=\"true\" aria-invalid=\"false\" rows=\"10\" cols=\"50\"><\/textarea><\/div><\/div><div id=\"field_2_5\" class=\"gfield field_sublabel_below field_description_below gfield_visibility_visible\" data-js-reload=\"field_2_5\"><label class=\"gfield_label\" for=\"input_2_5\">CAPTCHA<\/label><div id=\"input_2_5\" class=\"ginput_container ginput_recaptcha\" data-sitekey=\"6LdCYCEkAAAAACKRucmuOtEEmLj8goBp8bMlXqZp\" data-theme=\"light\" data-tabindex=\"-1\" data-size=\"invisible\" data-badge=\"bottomright\"><\/div><\/div><fieldset id=\"field_2_6\" class=\"gfield gfield_contains_required field_sublabel_below field_description_below hidden_label gfield_visibility_visible\" data-js-reload=\"field_2_6\"><legend class=\"gfield_label gfield_label_before_complex\">RGPD<span class=\"gfield_required\"><span class=\"gfield_required gfield_required_text\">(Required)<\/span><\/span><\/legend><div class=\"ginput_container ginput_container_consent\"><input name=\"input_6.1\" id=\"input_2_6_1\" type=\"checkbox\" value=\"1\" aria-describedby=\"gfield_consent_description_2_6\" aria-required=\"true\" aria-invalid=\"false\"><label class=\"gfield_consent_label\" for=\"input_2_6_1\">I accept the privacy policy.<\/label><span class=\"gfield_required gfield_required_text\">(Required)<\/span><input type=\"hidden\" name=\"input_6.2\" value=\"I accept the privacy policy.\" class=\"gform_hidden\"><input type=\"hidden\" name=\"input_6.3\" value=\"3\" class=\"gform_hidden\"><\/div><div class=\"gfield_description gfield_consent_description\" id=\"gfield_consent_description_2_6\">By entrusting us with your personal details, you acknowledge that you have read the provisions relating to the &ldquo;Protection of personal data&rdquo; mentioned in the Legal Notice.<\/div><\/fieldset><\/div><\/div>\n        <div class=\"gform_footer top_label\"> <input type=\"submit\" id=\"gform_submit_button_2\" class=\"gform_button button\" value=\"Send\" onclick='if(window[\"gf_submitting_2\"]){return false;}  if( !jQuery(\"#gform_2\")[0].checkValidity || jQuery(\"#gform_2\")[0].checkValidity()){window[\"gf_submitting_2\"]=true;}  ' onkeypress='if( event.keyCode == 13 ){ if(window[\"gf_submitting_2\"]){return false;} if( !jQuery(\"#gform_2\")[0].checkValidity || jQuery(\"#gform_2\")[0].checkValidity()){window[\"gf_submitting_2\"]=true;}  jQuery(\"#gform_2\").trigger(\"submit\",[true]); }'><input type=\"hidden\" class=\"gform_hidden\" name=\"is_submit_2\" value=\"1\"><input type=\"hidden\" class=\"gform_hidden\" name=\"gform_submit\" value=\"2\"><input type=\"hidden\" class=\"gform_hidden\" name=\"gform_unique_id\" value=\"\"><input type=\"hidden\" class=\"gform_hidden\" name=\"state_2\" value=\"WyJ7XCI2LjFcIjpcImI5YTI2NmYzOGFhOTJmMWE0ZTgzOGYyMzc3ZDY1ZTg4XCIsXCI2LjJcIjpcImFmZDlmMTM5MDgyNWI5ZGI4MzJiYjgxYmUwNmMxZjgyXCIsXCI2LjNcIjpcIjczZGE5NWNmYjU2NmZkNjAyN2FhZjc1OTcyZjA4MTU5XCJ9IiwiMjY0OTNjMDIzMDhhNDAxMDFhNzNiZjBlZTdiZmQwYWIiXQ==\"><input type=\"hidden\" class=\"gform_hidden\" name=\"gform_target_page_number_2\" id=\"gform_target_page_number_2\" value=\"0\"><input type=\"hidden\" class=\"gform_hidden\" name=\"gform_source_page_number_2\" id=\"gform_source_page_number_2\" value=\"1\"><input type=\"hidden\" name=\"gform_field_values\" value=\"\"><\/div>\n                        <\/form>\n                        <\/div><\/div><\/div><\/div><\/div><\/div><\/section><!-- Bloc colonnes --><section id=\"\" class=\"section_39621 relative  block_colonnes  dark t_pad4 r_pad0 b_pad0 l_pad0 t_mar0 r_mar0 b_mar0 l_mar0 bg_cover no-repeat bg_centre\" style=\"\"><div class=\"fwnmcontainer container relative  zindex \"><div class=\"colonnes  col_gg2\"><!--  --><div class=\"colonne grid block_col_desktop_grid_span12 block_col_tabW_grid_span12 block_col_tabH_grid_span12 block_col_mobile_grid_span12 desktop_order10 tabW_order10 tabH_order10 mobile_order10 center v_center \" style=\" padding-top:0px; padding-bottom:0px;\"><div class=\"inner_colonne \"><div class=\"map_container\" style=\" height:600px; \"><div id=\"map_152210018\" class=\"map\"><\/div><\/div>\n<script async src=\"https:\/\/maps.googleapis.com\/maps\/api\/js?key=&amp;callback=initialize\"><\/script><script type=\"text\/javascript\">\n\nvar locations = [[\"48.2251214\",\"-4.5065812\",\"https:\\\/\\\/www.escale-marine.bzh\\\/wp-content\\\/uploads\\\/2022\\\/11\\\/pin.png\",\"\"]];\n\nfunction initialize() {\n\n   var myOptions = {\n      center: new google.maps.LatLng(48.2251214, -4.5065812),\n      zoom: 12,\n      streetViewControl: false,\n      overviewMapControl: false,\n      mapTypeControl: false,\n      rotateControl: false,\n      mapTypeId: google.maps.MapTypeId.ROADMAP\n\n   };\n   var map = new google.maps.Map(document.getElementById(\"map_152210018\"), myOptions);\n\n   bounds  = new google.maps.LatLngBounds();\n\n   setMarkers(map, locations);\n}\n\n\n\nfunction setMarkers(map, locations) {\n\n   var marker, i\n   for (i = 0; i < locations.length; i++) {\n\n      var long = locations[i][0];\n      var lat = locations[i][1];\n      var pin = locations[i][2];\n      \/\/ var img = locations[i][3];\n      var title = locations[i][3];\n      \/\/ var url = locations[i][5];\n\n      latlngset = new google.maps.LatLng(long,lat);\n\n      var marker = new google.maps.Marker({\n         map: map,\n         title: title,\n         position: latlngset,\n         icon: pin,\n      });\n      map.setCenter(marker.getPosition());\n\n      \/* var content = '<div class=\"infobulle\"><figure><img decoding=\"async\" src=\"' + img + '\" class=\"object-fit\"><span class=\"infobulle_title\">' + title + '' + '<a href=\"' + url + '\" class=\"btn btn2\" target=\"_blank\">Voir la fiche';\n      *\/\n\n      var content = '<div class=\"infobulle\">' + title + '';\n\n\n      var infowindow = new google.maps.InfoWindow();\n\n      google.maps.event.addListener(marker,'click',( function( marker, content, infowindow){\n         return function() {\n          infowindow.setContent(content);\n          infowindow.open(map,marker);\n         };\n      })(marker,content,infowindow));\n\n\n      loc = new google.maps.LatLng(marker.position.lat(), marker.position.lng());\n      bounds.extend(loc);\n\n\n   } \/\/ fin de boucle for\n\n\n   }\/\/ fin de function setMarkers\n\n\n\n\/\/ ON CHARGE LA CARTE ET LES POINTS\njQuery(document).ready(function($){\n   initialize();\n});\n<\/script><\/div><\/div><\/div><\/div><\/section><\/body><\/html>\n","protected":false},"excerpt":{"rendered":"","protected":false},"author":1,"featured_media":0,"parent":0,"menu_order":0,"comment_status":"closed","ping_status":"closed","template":"","meta":{"inline_featured_image":false,"footnotes":""},"class_list":["post-1897","page","type-page","status-publish","hentry"],"acf":[],"yoast_head":"<!-- This site is optimized with the Yoast SEO plugin v22.4 - https:\/\/yoast.com\/wordpress\/plugins\/seo\/ -->\n<title>Contactez-nous - L&#039;Escale Marine \u00e0 Morgat (Crozon)<\/title>\n<meta name=\"description\" content=\"Vous avez une question \u00e0 nous poser ? Vous souhaitez en savoir plus sur notre h\u00f4tel et notre restaurant ? N&#039;h\u00e9sitez pas !\" \/>\n<meta name=\"robots\" content=\"index, follow, max-snippet:-1, max-image-preview:large, max-video-preview:-1\" \/>\n<link rel=\"canonical\" href=\"https:\/\/www.escale-marine.bzh\/en\/contact\" \/>\n<meta property=\"og:locale\" content=\"en_US\" \/>\n<meta property=\"og:type\" content=\"article\" \/>\n<meta property=\"og:title\" content=\"Contactez-nous - L&#039;Escale Marine \u00e0 Morgat (Crozon)\" \/>\n<meta property=\"og:description\" content=\"Vous avez une question \u00e0 nous poser ? Vous souhaitez en savoir plus sur notre h\u00f4tel et notre restaurant ? N&#039;h\u00e9sitez pas !\" \/>\n<meta property=\"og:url\" content=\"https:\/\/www.escale-marine.bzh\/en\/contact\" \/>\n<meta property=\"og:site_name\" content=\"Escale Marine\" \/>\n<meta property=\"article:modified_time\" content=\"2023-06-15T14:52:29+00:00\" \/>\n<meta name=\"twitter:card\" content=\"summary_large_image\" \/>\n<script type=\"application\/ld+json\" class=\"yoast-schema-graph\">{\"@context\":\"https:\/\/schema.org\",\"@graph\":[{\"@type\":\"WebPage\",\"@id\":\"https:\/\/www.escale-marine.bzh\/en\/contact\",\"url\":\"https:\/\/www.escale-marine.bzh\/en\/contact\",\"name\":\"Contactez-nous - L'Escale Marine \u00e0 Morgat (Crozon)\",\"isPartOf\":{\"@id\":\"https:\/\/www.escale-marine.bzh\/#website\"},\"datePublished\":\"2022-11-22T21:34:14+00:00\",\"dateModified\":\"2023-06-15T14:52:29+00:00\",\"description\":\"Vous avez une question \u00e0 nous poser ? Vous souhaitez en savoir plus sur notre h\u00f4tel et notre restaurant ? N'h\u00e9sitez pas !\",\"breadcrumb\":{\"@id\":\"https:\/\/www.escale-marine.bzh\/en\/contact#breadcrumb\"},\"inLanguage\":\"en-US\",\"potentialAction\":[{\"@type\":\"ReadAction\",\"target\":[\"https:\/\/www.escale-marine.bzh\/en\/contact\"]}]},{\"@type\":\"BreadcrumbList\",\"@id\":\"https:\/\/www.escale-marine.bzh\/en\/contact#breadcrumb\",\"itemListElement\":[{\"@type\":\"ListItem\",\"position\":1,\"name\":\"Accueil\",\"item\":\"https:\/\/www.escale-marine.bzh\/en\"},{\"@type\":\"ListItem\",\"position\":2,\"name\":\"Contact-us\"}]},{\"@type\":\"WebSite\",\"@id\":\"https:\/\/www.escale-marine.bzh\/#website\",\"url\":\"https:\/\/www.escale-marine.bzh\/\",\"name\":\"Escale Marine\",\"description\":\"\",\"potentialAction\":[{\"@type\":\"SearchAction\",\"target\":{\"@type\":\"EntryPoint\",\"urlTemplate\":\"https:\/\/www.escale-marine.bzh\/?s={search_term_string}\"},\"query-input\":\"required name=search_term_string\"}],\"inLanguage\":\"en-US\"}]}<\/script>\n<!-- \/ Yoast SEO plugin. -->","yoast_head_json":{"title":"Contactez-nous - L'Escale Marine \u00e0 Morgat (Crozon)","description":"Vous avez une question \u00e0 nous poser ? Vous souhaitez en savoir plus sur notre h\u00f4tel et notre restaurant ? N'h\u00e9sitez pas !","robots":{"index":"index","follow":"follow","max-snippet":"max-snippet:-1","max-image-preview":"max-image-preview:large","max-video-preview":"max-video-preview:-1"},"canonical":"https:\/\/www.escale-marine.bzh\/en\/contact","og_locale":"en_US","og_type":"article","og_title":"Contactez-nous - L'Escale Marine \u00e0 Morgat (Crozon)","og_description":"Vous avez une question \u00e0 nous poser ? Vous souhaitez en savoir plus sur notre h\u00f4tel et notre restaurant ? N'h\u00e9sitez pas !","og_url":"https:\/\/www.escale-marine.bzh\/en\/contact","og_site_name":"Escale Marine","article_modified_time":"2023-06-15T14:52:29+00:00","twitter_card":"summary_large_image","schema":{"@context":"https:\/\/schema.org","@graph":[{"@type":"WebPage","@id":"https:\/\/www.escale-marine.bzh\/en\/contact","url":"https:\/\/www.escale-marine.bzh\/en\/contact","name":"Contactez-nous - L'Escale Marine \u00e0 Morgat (Crozon)","isPartOf":{"@id":"https:\/\/www.escale-marine.bzh\/#website"},"datePublished":"2022-11-22T21:34:14+00:00","dateModified":"2023-06-15T14:52:29+00:00","description":"Vous avez une question \u00e0 nous poser ? Vous souhaitez en savoir plus sur notre h\u00f4tel et notre restaurant ? N'h\u00e9sitez pas !","breadcrumb":{"@id":"https:\/\/www.escale-marine.bzh\/en\/contact#breadcrumb"},"inLanguage":"en-US","potentialAction":[{"@type":"ReadAction","target":["https:\/\/www.escale-marine.bzh\/en\/contact"]}]},{"@type":"BreadcrumbList","@id":"https:\/\/www.escale-marine.bzh\/en\/contact#breadcrumb","itemListElement":[{"@type":"ListItem","position":1,"name":"Accueil","item":"https:\/\/www.escale-marine.bzh\/en"},{"@type":"ListItem","position":2,"name":"Contact-us"}]},{"@type":"WebSite","@id":"https:\/\/www.escale-marine.bzh\/#website","url":"https:\/\/www.escale-marine.bzh\/","name":"Escale Marine","description":"","potentialAction":[{"@type":"SearchAction","target":{"@type":"EntryPoint","urlTemplate":"https:\/\/www.escale-marine.bzh\/?s={search_term_string}"},"query-input":"required name=search_term_string"}],"inLanguage":"en-US"}]}},"_links":{"self":[{"href":"https:\/\/www.escale-marine.bzh\/en\/wp-json\/wp\/v2\/pages\/1897","targetHints":{"allow":["GET"]}}],"collection":[{"href":"https:\/\/www.escale-marine.bzh\/en\/wp-json\/wp\/v2\/pages"}],"about":[{"href":"https:\/\/www.escale-marine.bzh\/en\/wp-json\/wp\/v2\/types\/page"}],"author":[{"embeddable":true,"href":"https:\/\/www.escale-marine.bzh\/en\/wp-json\/wp\/v2\/users\/1"}],"replies":[{"embeddable":true,"href":"https:\/\/www.escale-marine.bzh\/en\/wp-json\/wp\/v2\/comments?post=1897"}],"version-history":[{"count":4,"href":"https:\/\/www.escale-marine.bzh\/en\/wp-json\/wp\/v2\/pages\/1897\/revisions"}],"predecessor-version":[{"id":2052,"href":"https:\/\/www.escale-marine.bzh\/en\/wp-json\/wp\/v2\/pages\/1897\/revisions\/2052"}],"wp:attachment":[{"href":"https:\/\/www.escale-marine.bzh\/en\/wp-json\/wp\/v2\/media?parent=1897"}],"curies":[{"name":"wp","href":"https:\/\/api.w.org\/{rel}","templated":true}]}}