{"id":1896,"date":"2022-12-06T13:30:24","date_gmt":"2022-12-06T12:30:24","guid":{"rendered":"https:\/\/www.escale-marine.bzh\/nos-engagements"},"modified":"2023-08-24T11:13:13","modified_gmt":"2023-08-24T09:13:13","slug":"nos-engagements","status":"publish","type":"page","link":"https:\/\/www.escale-marine.bzh\/en\/nos-engagements","title":{"rendered":"Our promises"},"content":{"rendered":"<!DOCTYPE html PUBLIC \"-\/\/W3C\/\/DTD HTML 4.0 Transitional\/\/EN\" \"http:\/\/www.w3.org\/TR\/REC-html40\/loose.dtd\">\n<html><body><section id=\"\" class=\"section_61848 relative  block_bandeau  dark t_pad4 r_pad0 b_pad4 l_pad0 t_mar0 r_mar0 b_mar0 l_mar0 bg_cover no-repeat bg_centre\" style=\" background-image:url(https:\/\/www.escale-marine.bzh\/wp-content\/uploads\/2022\/12\/demarche-RSE-hotel-bretagne.jpg); \"><!-- block_bandeau simple --><div class=\"bandeaux bandeau_simple\"><div class=\"bandeaux_container\"><div class=\"bandeau\"><div class=\"lcontainer container relative  zindex \"><div class=\"colonnes\"><div class=\"colonne block_col_desktop_grid_span12 block_col_tabW_grid_span12 block_col_tabH_grid_span12 block_col_mobile_grid_span12\"><div class=\"inner_colonne\"><\/div><\/div><\/div><\/div><\/div><\/div><\/div><\/section><div class=\"ariane\"><div class=\"container lcontainer\"><p id=\"breadcrumbs\"><span><span><a href=\"https:\/\/www.escale-marine.bzh\/en\">Accueil<\/a><\/span><\/span><\/p><\/div><\/div><div class=\"titre_bandeau\"><div class=\"container lcontainer\"><h1 class=\"heading1\"><span>Our promises<\/span><\/h1><\/div><\/div>\n\n<!-- Bloc colonnes --><section id=\"\" class=\"section_51783 relative  block_colonnes  dark t_pad4 r_pad0 b_pad4 l_pad0 t_mar0 r_mar0 b_mar0 l_mar0 bg_cover no-repeat bg_centre\" style=\"\"><div class=\"lcontainer container relative  zindex \"><div class=\"colonnes  col_gg0\"><!-- Bienvenue au bistrot le 34 --><div class=\"colonne grid block_col_desktop_grid_span6 block_col_tabW_grid_span6 block_col_tabH_grid_span6 block_col_mobile_grid_span12 desktop_order10 tabW_order10 tabH_order10 mobile_order10 left v_center \" style=\" padding-top:30px; padding-bottom:30px;\"><div class=\"inner_colonne \"><div class=\"colonne_texte_intro style_paragraphe animate animateL none animation_duration_5\" style=\" padding-left:30px; padding-right:30px;\"><h2 class=\"heading2\">Our CSR commitments<\/h2>\n<p style=\"text-align: justify;\">L&rsquo;Escale Marine belongs to <a href=\"https:\/\/www.somewheretomeet.fr\/\" target=\"_blank\" rel=\"noopener\"><strong>Somewhere to Meet<\/strong><\/a>, which conceives, develops and operates hotels and residences. The <strong>environment and ecological transition are key concerns<\/strong> for Somewhere to Meet, which strives to find green solutions that respect our planet, both during the construction and operating phases of its hotels.<\/p>\n<p>&nbsp;<\/p>\n<h3 class=\"heading3\">Here are a few concrete examples of this commitment:<\/h3>\n<p>For the <a href=\"https:\/\/www.hotel-ibis-nantes-treillieres.com\/\"> Ibis hotel of Treilli&egrave;res <\/a> in the north of Nantes, currently under construction, sorting site waste was a real priority to <strong> reduce the construction site&rsquo;s carbon footprint<\/strong>. It was entrusted to Tri&rsquo;n&rsquo;collect, a company that collects, recycles and\/or re-uses construction site waste. When the Ibis reopens, its <strong>new solar thermal panels will enable the hotel to save up to 6 tonnes of CO2 per year.<\/strong><\/p>\n<p><a href=\"https:\/\/www.champsdavaux.com\/hotel-kyriad-3-etoiles-a-nantes-bouaye\/\">At the Kyriad hotel in Bouaye <\/a>(South of Nantes), the &ldquo;H&eacute;lianthe&rdquo; system recovers the calories stored by the sun&rsquo;s rays in the asphalt of the parking lot, to <strong>heat water for the swimming pool and the hotel&rsquo;s showers<\/strong>. The hotel&rsquo;s roof also boasts a <strong>large surface area of electricity-generating photovoltaic panels.<\/strong><\/p>\n<\/div><\/div><\/div><!-- Image --><div class=\"colonne grid block_col_desktop_grid_span6 block_col_tabW_grid_span6 block_col_tabH_grid_span6 block_col_mobile_grid_span12 desktop_order10 tabW_order10 tabH_order10 mobile_order10 center v_center \" style=\" padding-top:0px; padding-bottom:0px;\"><div class=\"inner_colonne \"><div class=\"slider_all_around relative animate animateR none animation_duration_5\" style=\" margin-left:30px; margin-right:30px; margin-left:0px; margin-right:0px;\"><div class=\"tinyslider tinyslider_381191\"><div class=\"slider_contenu\"><img decoding=\"async\" src=\"https:\/\/www.escale-marine.bzh\/wp-content\/uploads\/2022\/12\/responsabilite-societale-des-entreprises-hotel-bretagne.jpg\" class=\"fw\" loading=\"lazy\"><\/div><\/div><\/div>   <script type=\"text\/javascript\">\n   var slider = tns({\n      container: '.tinyslider_381191',\n      autoHeight: false,\n      items: 1,\n      slideBy: 'page',\n      loop: true,\n      autoplay: true,\n      autoplayButtonOutput: false,\n      controls: true,\n      mouseDrag:true,\n   });\n   <\/script><\/div><\/div><\/div><\/div><\/section><!-- Bloc colonnes --><section id=\"\" class=\"section_79425 relative  block_colonnes  dark t_pad0 r_pad0 b_pad0 l_pad0 t_mar0 r_mar0 b_mar0 l_mar0 bg_cover no-repeat bg_centre\" style=\"\"><div class=\"fwnmcontainer container relative  zindex \"><div class=\"colonnes  col_gg2\"><!-- Image s&eacute;parateur --><div class=\"colonne grid block_col_desktop_grid_span12 block_col_tabW_grid_span12 block_col_tabH_grid_span12 block_col_mobile_grid_span12 desktop_order10 tabW_order10 tabH_order10 mobile_order10 center v_center \" style=\" padding-top:0px; padding-bottom:0px;\"><div class=\"inner_colonne \"><div class=\"slider_all_around relative \" style=\" margin-left:0px; margin-right:0px;\"><div class=\"tinyslider tinyslider_306039\"><div class=\"slider_contenu\"><img decoding=\"async\" src=\"https:\/\/www.escale-marine.bzh\/wp-content\/uploads\/2022\/12\/hotel-the-originals-engage.jpg\" class=\"fw\" loading=\"lazy\"><\/div><\/div><\/div>   <script type=\"text\/javascript\">\n   var slider = tns({\n      container: '.tinyslider_306039',\n      autoHeight: false,\n      items: 1,\n      slideBy: 'page',\n      loop: true,\n      autoplay: true,\n      autoplayButtonOutput: false,\n      controls: true,\n      mouseDrag:true,\n   });\n   <\/script><\/div><\/div><\/div><\/div><\/section><!-- Bloc colonnes --><section id=\"\" class=\"section_19943 relative  block_colonnes  dark t_pad4 r_pad0 b_pad4 l_pad0 t_mar0 r_mar0 b_mar0 l_mar0 bg_cover no-repeat bg_centre\" style=\" background-color:#f6f6f6; \"><div class=\"lcontainer container relative  zindex \"><div class=\"colonnes  col_gg0\"><!-- Bienvenue au bistrot le 34 --><div class=\"colonne grid block_col_desktop_grid_span12 block_col_tabW_grid_span12 block_col_tabH_grid_span12 block_col_mobile_grid_span12 desktop_order10 tabW_order10 tabH_order10 mobile_order10 left v_center \" style=\" padding-top:30px; padding-bottom:0px;\"><div class=\"inner_colonne \"><div class=\"colonne_texte_intro style_paragraphe animate animateL none animation_duration_5\" style=\" padding-left:0px; padding-right:0px;\"><h2 class=\"heading2\">The Originals Relais<\/h2>\n<p style=\"text-align: justify;\"><strong>The Originals, Human Hotels &amp; Resorts <\/strong> is the brand label of a group of independent hotel owners who have all chosen and decided to <strong>promote a new form of hospitality.<\/strong><\/p>\n<p style=\"text-align: justify;\">Today, The Originals, Human Hotels &amp; Resorts comprises 600 independent hotels across France and Europe, ranging from luxury to economy. It&rsquo;s a group of passionate hoteliers, in love with their profession and their region, and keen to promote their independence. Through representatives and hotel clubs, each member can contribute to the management and future of the cooperative movement. <strong> 4 core values unite the hoteliers: People, Local, Experiences and Independence. <\/strong><\/p>\n<p style=\"text-align: justify;\">Spending a night in a hotel of The Originals Relais group means <strong>experiencing intimate, authentic luxury<\/strong>. These hotels are true resorts by the sea, in the mountains or in the countryside, with something to live and experience in each one. Although they are primarily intended for tourists, they are also magnificent locations for visiting professionals or for organizing seminars and events.<\/p>\n<p style=\"text-align: justify;\">Each hotel is conceived as a <strong>true haven of peace<\/strong>, a place of living where well-being and tranquillity are combined, allowing each guest to blossom and reconnect with what really matters: the beauty of the moment. The diversity of our establishments &ndash; from the architecture to the d&eacute;cor &ndash; testifies to our hoteliers&rsquo; attachment to their local heritage. In most cases, they will be <strong>happy to guide you beyond the hotel to organize or recommend an authentic discovery of their region.<\/strong><\/p>\n<p style=\"text-align: justify;\">In absolute peace and quiet, guests can unwind in spacious, comfortable rooms, and enjoy fine cuisine inspired by the region and its products, or a breakfast based on fresh, local produce.<\/p>\n<\/div><div class=\"col_link\" style=\" padding-left:0px; padding-right:0px;\"><a href=\"https:\/\/www.theoriginalshotels.com\/\" class=\"btn btn3\" target=\"_blank\">Discover The Originals<\/a><\/div><\/div><\/div><\/div><\/div><\/section><!-- Bloc colonnes --><section id=\"\" class=\"section_38224 relative  block_colonnes  dark t_pad4 r_pad0 b_pad4 l_pad0 t_mar0 r_mar0 b_mar0 l_mar0 bg_cover no-repeat bg_centre\" style=\"\"><div class=\"lcontainer container relative  zindex \"><div class=\"colonnes  col_gg2\"><!-- Lien chambres --><div class=\"colonne grid block_col_desktop_grid_span4 block_col_tabW_grid_span4 block_col_tabH_grid_span4 block_col_mobile_grid_span12 desktop_order10 tabW_order10 tabH_order10 mobile_order10 center v_center  bg_centre bg_cover no-repeat\" style=\" background-image:url(https:\/\/www.escale-marine.bzh\/wp-content\/uploads\/2023\/08\/2924-relais-FR-crozon-facade-juillet-2023-5-4-3-1024x1024.jpg); padding-top:0px; padding-bottom:0px;\"><div class=\"inner_colonne inner_colonne_survol\"><a href=\"https:\/\/www.escale-marine.bzh\/en\/lescale-marine\/\" class=\"lien_pleine_colonne\" target=\"\"><\/a><div class=\"col_link\" style=\"\"><a href=\"https:\/\/www.escale-marine.bzh\/en\/lescale-marine\/\" class=\"btn btn4\" target=\"\"><span>The Hotel<\/span><\/a><\/div><\/div><\/div><!-- Lien services --><div class=\"colonne grid block_col_desktop_grid_span4 block_col_tabW_grid_span4 block_col_tabH_grid_span4 block_col_mobile_grid_span12 desktop_order10 tabW_order10 tabH_order10 mobile_order10 center v_center  bg_centre bg_cover no-repeat\" style=\" background-image:url(https:\/\/www.escale-marine.bzh\/wp-content\/uploads\/2023\/08\/2924-relais-FR-crozon-hall-juillet-2023-5-4-2-1024x1024.jpg); padding-top:0px; padding-bottom:0px;\"><div class=\"inner_colonne inner_colonne_survol\"><a href=\"https:\/\/www.escale-marine.bzh\/en\/nos-services\/\" class=\"lien_pleine_colonne\" target=\"\"><\/a><div class=\"col_link\" style=\"\"><a href=\"https:\/\/www.escale-marine.bzh\/en\/nos-services\/\" class=\"btn btn5\" target=\"\"><span>Our services<\/span><\/a><\/div><\/div><\/div><!-- Lien restaurant --><div class=\"colonne grid block_col_desktop_grid_span4 block_col_tabW_grid_span4 block_col_tabH_grid_span4 block_col_mobile_grid_span12 desktop_order10 tabW_order10 tabH_order10 mobile_order10 center v_center  bg_centre bg_cover no-repeat\" style=\" background-image:url(https:\/\/www.escale-marine.bzh\/wp-content\/uploads\/2023\/08\/2924-relais-FR-crozon-restaurant-juillet-2023-5-2-3-4.jpg); padding-top:0px; padding-bottom:0px;\"><div class=\"inner_colonne inner_colonne_survol\"><a href=\"https:\/\/www.escale-marine.bzh\/en\/bistrot-le-34\/\" class=\"lien_pleine_colonne\" target=\"\"><\/a><div class=\"col_link\" style=\"\"><a href=\"https:\/\/www.escale-marine.bzh\/en\/bistrot-le-34\/\" class=\"btn btn4\" target=\"\"><span>The restaurant<\/span><\/a><\/div><\/div><\/div><\/div><\/div><\/section><\/body><\/html>\n","protected":false},"excerpt":{"rendered":"","protected":false},"author":2,"featured_media":0,"parent":0,"menu_order":0,"comment_status":"closed","ping_status":"closed","template":"","meta":{"inline_featured_image":false,"footnotes":""},"class_list":["post-1896","page","type-page","status-publish","hentry"],"acf":[],"yoast_head":"<!-- This site is optimized with the Yoast SEO plugin v22.4 - https:\/\/yoast.com\/wordpress\/plugins\/seo\/ -->\n<title>Nos engagements RSE - The Originals H\u00f4tel L&#039;Escale Marine<\/title>\n<meta name=\"description\" content=\"Dans sa d\u00e9marche RSE, notre h\u00f4tel veille \u00e0 trouver des solutions vertes et respectueuses de notre plan\u00e8te !\" \/>\n<meta name=\"robots\" content=\"index, follow, max-snippet:-1, max-image-preview:large, max-video-preview:-1\" \/>\n<link rel=\"canonical\" href=\"https:\/\/www.escale-marine.bzh\/en\/nos-engagements\" \/>\n<meta property=\"og:locale\" content=\"en_US\" \/>\n<meta property=\"og:type\" content=\"article\" \/>\n<meta property=\"og:title\" content=\"Nos engagements RSE - The Originals H\u00f4tel L&#039;Escale Marine\" \/>\n<meta property=\"og:description\" content=\"Dans sa d\u00e9marche RSE, notre h\u00f4tel veille \u00e0 trouver des solutions vertes et respectueuses de notre plan\u00e8te !\" \/>\n<meta property=\"og:url\" content=\"https:\/\/www.escale-marine.bzh\/en\/nos-engagements\" \/>\n<meta property=\"og:site_name\" content=\"Escale Marine\" \/>\n<meta property=\"article:modified_time\" content=\"2023-08-24T09:13:13+00:00\" \/>\n<meta name=\"twitter:card\" content=\"summary_large_image\" \/>\n<script type=\"application\/ld+json\" class=\"yoast-schema-graph\">{\"@context\":\"https:\/\/schema.org\",\"@graph\":[{\"@type\":\"WebPage\",\"@id\":\"https:\/\/www.escale-marine.bzh\/en\/nos-engagements\",\"url\":\"https:\/\/www.escale-marine.bzh\/en\/nos-engagements\",\"name\":\"Nos engagements RSE - The Originals H\u00f4tel L'Escale Marine\",\"isPartOf\":{\"@id\":\"https:\/\/www.escale-marine.bzh\/#website\"},\"datePublished\":\"2022-12-06T12:30:24+00:00\",\"dateModified\":\"2023-08-24T09:13:13+00:00\",\"description\":\"Dans sa d\u00e9marche RSE, notre h\u00f4tel veille \u00e0 trouver des solutions vertes et respectueuses de notre plan\u00e8te !\",\"breadcrumb\":{\"@id\":\"https:\/\/www.escale-marine.bzh\/en\/nos-engagements#breadcrumb\"},\"inLanguage\":\"en-US\",\"potentialAction\":[{\"@type\":\"ReadAction\",\"target\":[\"https:\/\/www.escale-marine.bzh\/en\/nos-engagements\"]}]},{\"@type\":\"BreadcrumbList\",\"@id\":\"https:\/\/www.escale-marine.bzh\/en\/nos-engagements#breadcrumb\",\"itemListElement\":[{\"@type\":\"ListItem\",\"position\":1,\"name\":\"Accueil\",\"item\":\"https:\/\/www.escale-marine.bzh\/en\"},{\"@type\":\"ListItem\",\"position\":2,\"name\":\"Our promises\"}]},{\"@type\":\"WebSite\",\"@id\":\"https:\/\/www.escale-marine.bzh\/#website\",\"url\":\"https:\/\/www.escale-marine.bzh\/\",\"name\":\"Escale Marine\",\"description\":\"\",\"potentialAction\":[{\"@type\":\"SearchAction\",\"target\":{\"@type\":\"EntryPoint\",\"urlTemplate\":\"https:\/\/www.escale-marine.bzh\/?s={search_term_string}\"},\"query-input\":\"required name=search_term_string\"}],\"inLanguage\":\"en-US\"}]}<\/script>\n<!-- \/ Yoast SEO plugin. -->","yoast_head_json":{"title":"Nos engagements RSE - The Originals H\u00f4tel L'Escale Marine","description":"Dans sa d\u00e9marche RSE, notre h\u00f4tel veille \u00e0 trouver des solutions vertes et respectueuses de notre plan\u00e8te !","robots":{"index":"index","follow":"follow","max-snippet":"max-snippet:-1","max-image-preview":"max-image-preview:large","max-video-preview":"max-video-preview:-1"},"canonical":"https:\/\/www.escale-marine.bzh\/en\/nos-engagements","og_locale":"en_US","og_type":"article","og_title":"Nos engagements RSE - The Originals H\u00f4tel L'Escale Marine","og_description":"Dans sa d\u00e9marche RSE, notre h\u00f4tel veille \u00e0 trouver des solutions vertes et respectueuses de notre plan\u00e8te !","og_url":"https:\/\/www.escale-marine.bzh\/en\/nos-engagements","og_site_name":"Escale Marine","article_modified_time":"2023-08-24T09:13:13+00:00","twitter_card":"summary_large_image","schema":{"@context":"https:\/\/schema.org","@graph":[{"@type":"WebPage","@id":"https:\/\/www.escale-marine.bzh\/en\/nos-engagements","url":"https:\/\/www.escale-marine.bzh\/en\/nos-engagements","name":"Nos engagements RSE - The Originals H\u00f4tel L'Escale Marine","isPartOf":{"@id":"https:\/\/www.escale-marine.bzh\/#website"},"datePublished":"2022-12-06T12:30:24+00:00","dateModified":"2023-08-24T09:13:13+00:00","description":"Dans sa d\u00e9marche RSE, notre h\u00f4tel veille \u00e0 trouver des solutions vertes et respectueuses de notre plan\u00e8te !","breadcrumb":{"@id":"https:\/\/www.escale-marine.bzh\/en\/nos-engagements#breadcrumb"},"inLanguage":"en-US","potentialAction":[{"@type":"ReadAction","target":["https:\/\/www.escale-marine.bzh\/en\/nos-engagements"]}]},{"@type":"BreadcrumbList","@id":"https:\/\/www.escale-marine.bzh\/en\/nos-engagements#breadcrumb","itemListElement":[{"@type":"ListItem","position":1,"name":"Accueil","item":"https:\/\/www.escale-marine.bzh\/en"},{"@type":"ListItem","position":2,"name":"Our promises"}]},{"@type":"WebSite","@id":"https:\/\/www.escale-marine.bzh\/#website","url":"https:\/\/www.escale-marine.bzh\/","name":"Escale Marine","description":"","potentialAction":[{"@type":"SearchAction","target":{"@type":"EntryPoint","urlTemplate":"https:\/\/www.escale-marine.bzh\/?s={search_term_string}"},"query-input":"required name=search_term_string"}],"inLanguage":"en-US"}]}},"_links":{"self":[{"href":"https:\/\/www.escale-marine.bzh\/en\/wp-json\/wp\/v2\/pages\/1896","targetHints":{"allow":["GET"]}}],"collection":[{"href":"https:\/\/www.escale-marine.bzh\/en\/wp-json\/wp\/v2\/pages"}],"about":[{"href":"https:\/\/www.escale-marine.bzh\/en\/wp-json\/wp\/v2\/types\/page"}],"author":[{"embeddable":true,"href":"https:\/\/www.escale-marine.bzh\/en\/wp-json\/wp\/v2\/users\/2"}],"replies":[{"embeddable":true,"href":"https:\/\/www.escale-marine.bzh\/en\/wp-json\/wp\/v2\/comments?post=1896"}],"version-history":[{"count":4,"href":"https:\/\/www.escale-marine.bzh\/en\/wp-json\/wp\/v2\/pages\/1896\/revisions"}],"predecessor-version":[{"id":2648,"href":"https:\/\/www.escale-marine.bzh\/en\/wp-json\/wp\/v2\/pages\/1896\/revisions\/2648"}],"wp:attachment":[{"href":"https:\/\/www.escale-marine.bzh\/en\/wp-json\/wp\/v2\/media?parent=1896"}],"curies":[{"name":"wp","href":"https:\/\/api.w.org\/{rel}","templated":true}]}}