{"id":1888,"date":"2022-12-06T21:37:52","date_gmt":"2022-12-06T20:37:52","guid":{"rendered":"https:\/\/www.escale-marine.bzh\/les-villes-et-villages-de-la-presquile-de-crozon"},"modified":"2023-09-15T13:19:34","modified_gmt":"2023-09-15T11:19:34","slug":"les-villes-et-villages-de-la-presquile-de-crozon","status":"publish","type":"page","link":"https:\/\/www.escale-marine.bzh\/en\/a-proximite\/les-villes-et-villages-de-la-presquile-de-crozon","title":{"rendered":"The towns and villages of the Crozon peninsula"},"content":{"rendered":"<!DOCTYPE html PUBLIC \"-\/\/W3C\/\/DTD HTML 4.0 Transitional\/\/EN\" \"http:\/\/www.w3.org\/TR\/REC-html40\/loose.dtd\">\n<html><body><section id=\"\" class=\"section_23075 relative  block_bandeau  dark t_pad4 r_pad0 b_pad4 l_pad0 t_mar0 r_mar0 b_mar0 l_mar0 bg_cover no-repeat bg_centre\" style=\" background-image:url(https:\/\/www.escale-marine.bzh\/wp-content\/uploads\/2023\/09\/BANDEAU_CAMARET.jpg); \"><!-- block_bandeau simple --><div class=\"bandeaux bandeau_simple\"><div class=\"bandeaux_container\"><div class=\"bandeau\"><div class=\"lcontainer container relative  zindex \"><div class=\"colonnes\"><div class=\"colonne block_col_desktop_grid_span12 block_col_tabW_grid_span12 block_col_tabH_grid_span12 block_col_mobile_grid_span12\"><div class=\"inner_colonne\"><\/div><\/div><\/div><\/div><\/div><\/div><\/div><\/section><div class=\"ariane\"><div class=\"container lcontainer\"><p id=\"breadcrumbs\"><span><span><a href=\"https:\/\/www.escale-marine.bzh\/en\">Accueil<\/a><\/span><\/span><\/p><\/div><\/div><div class=\"titre_bandeau\"><div class=\"container lcontainer\"><h1 class=\"heading1\"><span><h1 class=\"heading1\">The towns and villages of the Crozon peninsula<\/h1>\n<\/span><\/h1><\/div><\/div>\n\n<!-- Bloc colonnes --><section id=\"\" class=\"section_90630 relative  block_colonnes  dark t_pad4 r_pad0 b_pad4 l_pad0 t_mar0 r_mar0 b_mar0 l_mar0 bg_cover no-repeat bg_centre\" style=\"\"><div class=\"lcontainer container relative  zindex \"><div class=\"colonnes  col_gg0\"><!-- Intro --><div class=\"colonne grid block_col_desktop_grid_span12 block_col_tabW_grid_span12 block_col_tabH_grid_span12 block_col_mobile_grid_span12 desktop_order10 tabW_order10 tabH_order10 mobile_order4 center v_center \" style=\" padding-top:0px; padding-bottom:50px;\"><div class=\"inner_colonne \"><div class=\"colonne_texte_intro style_mea\" style=\" padding-left:0px; padding-right:0px;\"><p>Discover some of the must-see towns and villages of the Crozon peninsula, for a charming, gourmet and cultural visit, not to forget the pleasures of the beaches of these pretty seaside resorts.<\/p>\n<\/div><\/div><\/div><!-- Morgat --><div class=\"colonne grid block_col_desktop_grid_span6 block_col_tabW_grid_span6 block_col_tabH_grid_span6 block_col_mobile_grid_span12 desktop_order10 tabW_order10 tabH_order10 mobile_order6 left v_center \" style=\" padding-top:30px; padding-bottom:30px;\"><div class=\"inner_colonne \"><div class=\"colonne_texte_intro style_paragraphe animate animateL none animation_duration_5\" style=\" padding-left:30px; padding-right:30px;\"><h2 class=\"heading2\">Morgat, a seaside resort<\/h2>\n<p style=\"text-align: justify;\">Morgat used to be a small tuna and sardine fishing village in the commune of Crozon. Thanks to its exceptional, protected location, Morgat has become a popular holiday resort. Its pretty, colourful facades facing the sea give it a very special charm. Water activities and water sports have pride of place here: surfing, kayaking, windsurfing, sailing, yachting, fishing, etc. Its charming hotels, splendid seaside resort villas, lively town centre and marina make Morgat the ideal place for a holiday on the Crozon peninsula.<\/p>\n<\/div><div class=\"col_link\" style=\" padding-left:30px; padding-right:30px;\"><a href=\"https:\/\/www.escale-marine.bzh\/en\/a-proximite\/les-incontournables-de-la-presquile-de-crozon\/\" class=\"btn btn3\" target=\"\">Discover Crozon&rsquo;s must sees<\/a><\/div><\/div><\/div><!-- Image --><div class=\"colonne grid block_col_desktop_grid_span6 block_col_tabW_grid_span6 block_col_tabH_grid_span6 block_col_mobile_grid_span12 desktop_order10 tabW_order10 tabH_order10 mobile_order5 center v_center \" style=\" padding-top:0px; padding-bottom:0px;\"><div class=\"inner_colonne \"><div class=\"slider_all_around relative animate animateR none animation_duration_5\" style=\" margin-left:0px; margin-right:0px; margin-left:30px; margin-right:30px; margin-left:0px; margin-right:0px;\"><div class=\"tinyslider tinyslider_793484\"><div class=\"slider_contenu\"><img decoding=\"async\" src=\"https:\/\/www.escale-marine.bzh\/wp-content\/uploads\/2022\/12\/decouvrir-morgat-crozon.jpg\" class=\"fw\" loading=\"lazy\"><\/div><\/div><\/div>   <script type=\"text\/javascript\">\n   var slider = tns({\n      container: '.tinyslider_793484',\n      autoHeight: false,\n      items: 1,\n      slideBy: 'page',\n      loop: true,\n      autoplay: true,\n      autoplayButtonOutput: false,\n      controls: true,\n      mouseDrag:true,\n   });\n   <\/script><\/div><\/div><!-- Image --><div class=\"colonne grid block_col_desktop_grid_span6 block_col_tabW_grid_span6 block_col_tabH_grid_span6 block_col_mobile_grid_span12 desktop_order10 tabW_order10 tabH_order10 mobile_order7 center v_center \" style=\" padding-top:0px; padding-bottom:0px;\"><div class=\"inner_colonne \"><div class=\"slider_all_around relative animate animateR none animation_duration_5\" style=\" margin-left:0px; margin-right:0px; margin-left:30px; margin-right:30px; margin-left:0px; margin-right:0px; margin-left:0px; margin-right:0px;\"><div class=\"tinyslider tinyslider_83271\"><div class=\"slider_contenu\"><img decoding=\"async\" src=\"https:\/\/www.escale-marine.bzh\/wp-content\/uploads\/2023\/09\/VIGNETTE_CAMARET_2.jpg\" class=\"fw\" loading=\"lazy\"><\/div><\/div><\/div>   <script type=\"text\/javascript\">\n   var slider = tns({\n      container: '.tinyslider_83271',\n      autoHeight: false,\n      items: 1,\n      slideBy: 'page',\n      loop: true,\n      autoplay: true,\n      autoplayButtonOutput: false,\n      controls: true,\n      mouseDrag:true,\n   });\n   <\/script><\/div><\/div><!-- Camaret --><div class=\"colonne grid block_col_desktop_grid_span6 block_col_tabW_grid_span6 block_col_tabH_grid_span6 block_col_mobile_grid_span12 desktop_order10 tabW_order10 tabH_order10 mobile_order8 left v_center \" style=\" padding-top:30px; padding-bottom:30px;\"><div class=\"inner_colonne \"><div class=\"colonne_texte_intro style_paragraphe animate animateL none animation_duration_5\" style=\" padding-left:30px; padding-right:30px;\"><h2 class=\"heading2\">Camaret-sur-Mer<\/h2>\n<p style=\"text-align: justify;\">A small seaside resort at the end of the Crozon peninsula, Camaret-sur-Mer will charm you with its tranquillity and its artists&rsquo; district. Take a stroll along the Quai Gustave Toudouz, the small marina or the natural dyke, also known as the Sillon, and admire the Vauban Tower. Built at the end of the 17th century and listed as a UNESCO World Heritage Site in 2008, the Vauban Tower is open to visitors.<\/p>\n<\/div><\/div><\/div><!-- Quartier des artistes --><div class=\"colonne grid block_col_desktop_grid_span6 block_col_tabW_grid_span6 block_col_tabH_grid_span6 block_col_mobile_grid_span12 desktop_order10 tabW_order10 tabH_order10 mobile_order10 left v_center \" style=\" padding-top:30px; padding-bottom:30px;\"><div class=\"inner_colonne \"><div class=\"colonne_texte_intro style_paragraphe animate animateL none animation_duration_5\" style=\" padding-left:30px; padding-right:30px;\"><h2 class=\"heading2\">The artists&rsquo; district<\/h2>\n<p style=\"text-align: justify;\">Located in Camaret-sur-Mer, the artists&rsquo; district, or Saint-Thomas district, is packed with art galleries and artists&rsquo; studios. The artists, who fell in love with the area and settled here in 1992, welcome you and exhibit their work for a colourful cultural stroll. Their doors are open to you every day from 15 June to 15 September, as well as at weekends out of season.<\/p>\n<\/div><\/div><\/div><!-- Image --><div class=\"colonne grid block_col_desktop_grid_span6 block_col_tabW_grid_span6 block_col_tabH_grid_span6 block_col_mobile_grid_span12 desktop_order10 tabW_order10 tabH_order10 mobile_order9 center v_center \" style=\" padding-top:0px; padding-bottom:0px;\"><div class=\"inner_colonne \"><div class=\"slider_all_around relative animate animateR none animation_duration_5\" style=\" margin-left:0px; margin-right:0px; margin-left:30px; margin-right:30px; margin-left:0px; margin-right:0px; margin-left:0px; margin-right:0px; margin-left:30px; margin-right:30px; margin-left:30px; margin-right:30px; margin-left:0px; margin-right:0px;\"><div class=\"tinyslider tinyslider_575128\"><div class=\"slider_contenu\"><img decoding=\"async\" src=\"https:\/\/www.escale-marine.bzh\/wp-content\/uploads\/2022\/12\/quartier-des-artistes-camaret-sur-mer.jpg\" class=\"fw\" loading=\"lazy\"><\/div><\/div><\/div>   <script type=\"text\/javascript\">\n   var slider = tns({\n      container: '.tinyslider_575128',\n      autoHeight: false,\n      items: 1,\n      slideBy: 'page',\n      loop: true,\n      autoplay: true,\n      autoplayButtonOutput: false,\n      controls: true,\n      mouseDrag:true,\n   });\n   <\/script><\/div><\/div><!-- Image --><div class=\"colonne grid block_col_desktop_grid_span6 block_col_tabW_grid_span6 block_col_tabH_grid_span6 block_col_mobile_grid_span12 desktop_order10 tabW_order10 tabH_order11 mobile_order10 center v_center \" style=\" padding-top:0px; padding-bottom:0px;\"><div class=\"inner_colonne \"><div class=\"slider_all_around relative animate animateR none animation_duration_5\" style=\" margin-left:0px; margin-right:0px; margin-left:30px; margin-right:30px; margin-left:0px; margin-right:0px; margin-left:0px; margin-right:0px; margin-left:30px; margin-right:30px; margin-left:30px; margin-right:30px; margin-left:0px; margin-right:0px; margin-left:0px; margin-right:0px;\"><div class=\"tinyslider tinyslider_267231\"><div class=\"slider_contenu\"><img decoding=\"async\" src=\"https:\/\/www.escale-marine.bzh\/wp-content\/uploads\/2022\/12\/crozon-ville.jpg\" class=\"fw\" loading=\"lazy\"><\/div><\/div><\/div>   <script type=\"text\/javascript\">\n   var slider = tns({\n      container: '.tinyslider_267231',\n      autoHeight: false,\n      items: 1,\n      slideBy: 'page',\n      loop: true,\n      autoplay: true,\n      autoplayButtonOutput: false,\n      controls: true,\n      mouseDrag:true,\n   });\n   <\/script><\/div><\/div><!-- Crozon --><div class=\"colonne grid block_col_desktop_grid_span6 block_col_tabW_grid_span6 block_col_tabH_grid_span6 block_col_mobile_grid_span12 desktop_order10 tabW_order10 tabH_order10 mobile_order11 left v_center \" style=\" padding-top:30px; padding-bottom:30px;\"><div class=\"inner_colonne \"><div class=\"colonne_texte_intro style_paragraphe animate animateL none animation_duration_5\" style=\" padding-left:30px; padding-right:30px;\"><h2 class=\"heading2\">Crozon<\/h2>\n<p style=\"text-align: justify;\">In the heart of the Presqu&rsquo;&Icirc;le, the small town of Crozon is well worth a visit. With its shops, beautiful church and market, the village of Crozon is one of the places to visit on the Presqu&rsquo;&Icirc;le. Take a stroll through the heart of the village, and push open the doors of the church, where you can admire a polychrome altarpiece dating from the early 17th century.<\/p>\n<\/div><\/div><\/div><\/div><\/div><\/section><!-- Bloc colonnes --><section id=\"\" class=\"section_52882 relative  block_colonnes  dark t_pad6 r_pad0 b_pad6 l_pad0 t_mar0 r_mar0 b_mar0 l_mar0 bg_cover no-repeat bg_centre bg_parallax relative\" style=\"\"><div class=\"zone_parallax\" style=\" background-image:url(https:\/\/www.escale-marine.bzh\/wp-content\/uploads\/2022\/12\/decouvrir-les-villes-de-crozon.jpg); \"><\/div><div class=\"lcontainer container relative  zindex \"><div class=\"colonnes  col_gg2\"><!-- CTA --><div class=\"colonne grid block_col_desktop_grid_span12 block_col_tabW_grid_span12 block_col_tabH_grid_span12 block_col_mobile_grid_span12 desktop_order10 tabW_order10 tabH_order10 mobile_order10 center light v_center \" style=\" padding-top:0px; padding-bottom:0px;\"><div class=\"inner_colonne \"><div class=\"colonne_texte_intro style_mea\" style=\" padding-left:0px; padding-right:0px;\"><p>Looking for a holiday or weekend break on the Crozon peninsula?<br><strong>DISCOVER OUR CHARMING HOTEL IN MORGAT!<\/strong><\/p>\n<\/div><div class=\"col_link\" style=\" padding-left:0px; padding-right:0px;\"><a href=\"https:\/\/www.escale-marine.bzh\/en\/lescale-marine\" class=\"btn btn1\" target=\"\">DISCOVER OUR HOTEL<\/a><\/div><\/div><\/div><\/div><\/div><\/section><!-- Bloc colonnes --><section id=\"\" class=\"section_96671 relative  block_colonnes  dark t_pad4 r_pad0 b_pad4 l_pad0 t_mar0 r_mar0 b_mar0 l_mar0 bg_cover no-repeat bg_centre\" style=\" background-color:#f6f6f6; \"><div class=\"lcontainer container relative  zindex \"><div class=\"colonnes  col_gg2\"><!-- Lien chambres --><div class=\"colonne grid block_col_desktop_grid_span4 block_col_tabW_grid_span4 block_col_tabH_grid_span4 block_col_mobile_grid_span12 desktop_order10 tabW_order10 tabH_order10 mobile_order10 center v_center  bg_centre bg_cover no-repeat\" style=\" background-image:url(https:\/\/www.escale-marine.bzh\/wp-content\/uploads\/2022\/11\/qui-Image1.jpg); padding-top:0px; padding-bottom:0px;\"><div class=\"inner_colonne inner_colonne_survol\"><a href=\"https:\/\/www.escale-marine.bzh\/en\/les-chambres\/\" class=\"lien_pleine_colonne\" target=\"\"><\/a><div class=\"col_link\" style=\"\"><a href=\"https:\/\/www.escale-marine.bzh\/en\/les-chambres\/\" class=\"btn btn4\" target=\"\"><span>Our accommodations<\/span><\/a><\/div><\/div><\/div><!-- Lien services --><div class=\"colonne grid block_col_desktop_grid_span4 block_col_tabW_grid_span4 block_col_tabH_grid_span4 block_col_mobile_grid_span12 desktop_order10 tabW_order10 tabH_order10 mobile_order10 center v_center  bg_centre bg_cover no-repeat\" style=\" background-image:url(https:\/\/www.escale-marine.bzh\/wp-content\/uploads\/2022\/12\/nos-services-hotel-bretagne.jpg); padding-top:0px; padding-bottom:0px;\"><div class=\"inner_colonne inner_colonne_survol\"><a href=\"https:\/\/www.escale-marine.bzh\/en\/nos-services\/\" class=\"lien_pleine_colonne\" target=\"\"><\/a><div class=\"col_link\" style=\"\"><a href=\"https:\/\/www.escale-marine.bzh\/en\/nos-services\/\" class=\"btn btn5\" target=\"\"><span>Our services<\/span><\/a><\/div><\/div><\/div><!-- Lien restaurant --><div class=\"colonne grid block_col_desktop_grid_span4 block_col_tabW_grid_span4 block_col_tabH_grid_span4 block_col_mobile_grid_span12 desktop_order10 tabW_order10 tabH_order10 mobile_order10 center v_center  bg_centre bg_cover no-repeat\" style=\" background-image:url(https:\/\/www.escale-marine.bzh\/wp-content\/uploads\/2022\/12\/restaurant-vignettze.jpg); padding-top:0px; padding-bottom:0px;\"><div class=\"inner_colonne inner_colonne_survol\"><a href=\"https:\/\/www.escale-marine.bzh\/en\/bistrot-le-34\/\" class=\"lien_pleine_colonne\" target=\"\"><\/a><div class=\"col_link\" style=\"\"><a href=\"https:\/\/www.escale-marine.bzh\/en\/bistrot-le-34\/\" class=\"btn btn4\" target=\"\"><span>Our restaurant<\/span><\/a><\/div><\/div><\/div><\/div><\/div><\/section><\/body><\/html>\n","protected":false},"excerpt":{"rendered":"","protected":false},"author":2,"featured_media":0,"parent":1895,"menu_order":0,"comment_status":"closed","ping_status":"closed","template":"","meta":{"inline_featured_image":false,"footnotes":""},"class_list":["post-1888","page","type-page","status-publish","hentry"],"acf":[],"yoast_head":"<!-- This site is optimized with the Yoast SEO plugin v22.4 - https:\/\/yoast.com\/wordpress\/plugins\/seo\/ -->\n<title>D\u00e9couvrir les villes et villages de la Presqu&#039;\u00eele de Crozon<\/title>\n<meta name=\"description\" content=\"D\u00e9couvrez quelques villes et villages incontournables de la Presqu\u2019\u00cele de Crozon, pour une visite de charme, gourmande et culturelle !\" \/>\n<meta name=\"robots\" content=\"index, follow, max-snippet:-1, max-image-preview:large, max-video-preview:-1\" \/>\n<link rel=\"canonical\" href=\"https:\/\/www.escale-marine.bzh\/en\/a-proximite\/les-villes-et-villages-de-la-presquile-de-crozon\" \/>\n<meta property=\"og:locale\" content=\"en_US\" \/>\n<meta property=\"og:type\" content=\"article\" \/>\n<meta property=\"og:title\" content=\"D\u00e9couvrir les villes et villages de la Presqu&#039;\u00eele de Crozon\" \/>\n<meta property=\"og:description\" content=\"D\u00e9couvrez quelques villes et villages incontournables de la Presqu\u2019\u00cele de Crozon, pour une visite de charme, gourmande et culturelle !\" \/>\n<meta property=\"og:url\" content=\"https:\/\/www.escale-marine.bzh\/en\/a-proximite\/les-villes-et-villages-de-la-presquile-de-crozon\" \/>\n<meta property=\"og:site_name\" content=\"Escale Marine\" \/>\n<meta property=\"article:modified_time\" content=\"2023-09-15T11:19:34+00:00\" \/>\n<meta name=\"twitter:card\" content=\"summary_large_image\" \/>\n<script type=\"application\/ld+json\" class=\"yoast-schema-graph\">{\"@context\":\"https:\/\/schema.org\",\"@graph\":[{\"@type\":\"WebPage\",\"@id\":\"https:\/\/www.escale-marine.bzh\/en\/a-proximite\/les-villes-et-villages-de-la-presquile-de-crozon\",\"url\":\"https:\/\/www.escale-marine.bzh\/en\/a-proximite\/les-villes-et-villages-de-la-presquile-de-crozon\",\"name\":\"D\u00e9couvrir les villes et villages de la Presqu'\u00eele de Crozon\",\"isPartOf\":{\"@id\":\"https:\/\/www.escale-marine.bzh\/#website\"},\"datePublished\":\"2022-12-06T20:37:52+00:00\",\"dateModified\":\"2023-09-15T11:19:34+00:00\",\"description\":\"D\u00e9couvrez quelques villes et villages incontournables de la Presqu\u2019\u00cele de Crozon, pour une visite de charme, gourmande et culturelle !\",\"breadcrumb\":{\"@id\":\"https:\/\/www.escale-marine.bzh\/en\/a-proximite\/les-villes-et-villages-de-la-presquile-de-crozon#breadcrumb\"},\"inLanguage\":\"en-US\",\"potentialAction\":[{\"@type\":\"ReadAction\",\"target\":[\"https:\/\/www.escale-marine.bzh\/en\/a-proximite\/les-villes-et-villages-de-la-presquile-de-crozon\"]}]},{\"@type\":\"BreadcrumbList\",\"@id\":\"https:\/\/www.escale-marine.bzh\/en\/a-proximite\/les-villes-et-villages-de-la-presquile-de-crozon#breadcrumb\",\"itemListElement\":[{\"@type\":\"ListItem\",\"position\":1,\"name\":\"Accueil\",\"item\":\"https:\/\/www.escale-marine.bzh\/en\"},{\"@type\":\"ListItem\",\"position\":2,\"name\":\"Nearby\",\"item\":\"https:\/\/www.escale-marine.bzh\/en\/a-proximite\"},{\"@type\":\"ListItem\",\"position\":3,\"name\":\"The towns and villages of the Crozon peninsula\"}]},{\"@type\":\"WebSite\",\"@id\":\"https:\/\/www.escale-marine.bzh\/#website\",\"url\":\"https:\/\/www.escale-marine.bzh\/\",\"name\":\"Escale Marine\",\"description\":\"\",\"potentialAction\":[{\"@type\":\"SearchAction\",\"target\":{\"@type\":\"EntryPoint\",\"urlTemplate\":\"https:\/\/www.escale-marine.bzh\/?s={search_term_string}\"},\"query-input\":\"required name=search_term_string\"}],\"inLanguage\":\"en-US\"}]}<\/script>\n<!-- \/ Yoast SEO plugin. -->","yoast_head_json":{"title":"D\u00e9couvrir les villes et villages de la Presqu'\u00eele de Crozon","description":"D\u00e9couvrez quelques villes et villages incontournables de la Presqu\u2019\u00cele de Crozon, pour une visite de charme, gourmande et culturelle !","robots":{"index":"index","follow":"follow","max-snippet":"max-snippet:-1","max-image-preview":"max-image-preview:large","max-video-preview":"max-video-preview:-1"},"canonical":"https:\/\/www.escale-marine.bzh\/en\/a-proximite\/les-villes-et-villages-de-la-presquile-de-crozon","og_locale":"en_US","og_type":"article","og_title":"D\u00e9couvrir les villes et villages de la Presqu'\u00eele de Crozon","og_description":"D\u00e9couvrez quelques villes et villages incontournables de la Presqu\u2019\u00cele de Crozon, pour une visite de charme, gourmande et culturelle !","og_url":"https:\/\/www.escale-marine.bzh\/en\/a-proximite\/les-villes-et-villages-de-la-presquile-de-crozon","og_site_name":"Escale Marine","article_modified_time":"2023-09-15T11:19:34+00:00","twitter_card":"summary_large_image","schema":{"@context":"https:\/\/schema.org","@graph":[{"@type":"WebPage","@id":"https:\/\/www.escale-marine.bzh\/en\/a-proximite\/les-villes-et-villages-de-la-presquile-de-crozon","url":"https:\/\/www.escale-marine.bzh\/en\/a-proximite\/les-villes-et-villages-de-la-presquile-de-crozon","name":"D\u00e9couvrir les villes et villages de la Presqu'\u00eele de Crozon","isPartOf":{"@id":"https:\/\/www.escale-marine.bzh\/#website"},"datePublished":"2022-12-06T20:37:52+00:00","dateModified":"2023-09-15T11:19:34+00:00","description":"D\u00e9couvrez quelques villes et villages incontournables de la Presqu\u2019\u00cele de Crozon, pour une visite de charme, gourmande et culturelle !","breadcrumb":{"@id":"https:\/\/www.escale-marine.bzh\/en\/a-proximite\/les-villes-et-villages-de-la-presquile-de-crozon#breadcrumb"},"inLanguage":"en-US","potentialAction":[{"@type":"ReadAction","target":["https:\/\/www.escale-marine.bzh\/en\/a-proximite\/les-villes-et-villages-de-la-presquile-de-crozon"]}]},{"@type":"BreadcrumbList","@id":"https:\/\/www.escale-marine.bzh\/en\/a-proximite\/les-villes-et-villages-de-la-presquile-de-crozon#breadcrumb","itemListElement":[{"@type":"ListItem","position":1,"name":"Accueil","item":"https:\/\/www.escale-marine.bzh\/en"},{"@type":"ListItem","position":2,"name":"Nearby","item":"https:\/\/www.escale-marine.bzh\/en\/a-proximite"},{"@type":"ListItem","position":3,"name":"The towns and villages of the Crozon peninsula"}]},{"@type":"WebSite","@id":"https:\/\/www.escale-marine.bzh\/#website","url":"https:\/\/www.escale-marine.bzh\/","name":"Escale Marine","description":"","potentialAction":[{"@type":"SearchAction","target":{"@type":"EntryPoint","urlTemplate":"https:\/\/www.escale-marine.bzh\/?s={search_term_string}"},"query-input":"required name=search_term_string"}],"inLanguage":"en-US"}]}},"_links":{"self":[{"href":"https:\/\/www.escale-marine.bzh\/en\/wp-json\/wp\/v2\/pages\/1888","targetHints":{"allow":["GET"]}}],"collection":[{"href":"https:\/\/www.escale-marine.bzh\/en\/wp-json\/wp\/v2\/pages"}],"about":[{"href":"https:\/\/www.escale-marine.bzh\/en\/wp-json\/wp\/v2\/types\/page"}],"author":[{"embeddable":true,"href":"https:\/\/www.escale-marine.bzh\/en\/wp-json\/wp\/v2\/users\/2"}],"replies":[{"embeddable":true,"href":"https:\/\/www.escale-marine.bzh\/en\/wp-json\/wp\/v2\/comments?post=1888"}],"version-history":[{"count":3,"href":"https:\/\/www.escale-marine.bzh\/en\/wp-json\/wp\/v2\/pages\/1888\/revisions"}],"predecessor-version":[{"id":2678,"href":"https:\/\/www.escale-marine.bzh\/en\/wp-json\/wp\/v2\/pages\/1888\/revisions\/2678"}],"up":[{"embeddable":true,"href":"https:\/\/www.escale-marine.bzh\/en\/wp-json\/wp\/v2\/pages\/1895"}],"wp:attachment":[{"href":"https:\/\/www.escale-marine.bzh\/en\/wp-json\/wp\/v2\/media?parent=1888"}],"curies":[{"name":"wp","href":"https:\/\/api.w.org\/{rel}","templated":true}]}}